{"id":7,"date":"2021-12-05T00:12:09","date_gmt":"2021-12-05T00:12:09","guid":{"rendered":"http:\/\/tecnoris.cl\/?page_id=7"},"modified":"2023-07-19T02:45:12","modified_gmt":"2023-07-19T02:45:12","slug":"inicio","status":"publish","type":"page","link":"https:\/\/tecnoris.cl\/","title":{"rendered":"Inicio"},"content":{"rendered":"<p>[et_pb_section fb_built=&#8221;1&#8243; fullwidth=&#8221;on&#8221; admin_label=&#8221;Header&#8221; _builder_version=&#8221;4.16&#8243; background_image=&#8221;http:\/\/tecnoris.cl\/wp-content\/uploads\/2022\/01\/Foto-11.jpg&#8221; parallax=&#8221;on&#8221; box_shadow_style=&#8221;preset7&#8243; box_shadow_horizontal=&#8221;0px&#8221; box_shadow_vertical=&#8221;-80px&#8221; box_shadow_color=&#8221;#000000&#8243; global_colors_info=&#8221;{}&#8221;][et_pb_fullwidth_header title=&#8221;Servicios de Consultor\u00eda&#8221; subhead=&#8221;y Desarrollo de Sistemas&#8221; button_one_text=&#8221;Quienes Somos&#8221; button_one_url=&#8221;http:\/\/tecnoris.cl\/index.php\/31-2\/&#8221; button_two_text=&#8221;Contacto&#8221; button_two_url=&#8221;http:\/\/tecnoris.cl\/index.php\/contactanos\/&#8221; logo_image_url=&#8221;http:\/\/tecnoris.cl\/wp-content\/uploads\/2021\/12\/electrician_04.png&#8221; content_max_width=&#8221;651px&#8221; _builder_version=&#8221;4.16&#8243; _dynamic_attributes=&#8221;button_one_url&#8221; title_font=&#8221;Libre Franklin|300|||||||&#8221; title_font_size=&#8221;53px&#8221; subhead_font=&#8221;|700|||||||&#8221; subhead_font_size=&#8221;49px&#8221; subhead_line_height=&#8221;1.2em&#8221; background_color=&#8221;rgba(0,0,0,0)&#8221; use_background_color_gradient=&#8221;on&#8221; background_color_gradient_type=&#8221;circular&#8221; background_color_gradient_direction_radial=&#8221;right&#8221; background_color_gradient_stops=&#8221;rgba(0,0,0,0) 10%|rgba(0,0,0,0.9) 60%&#8221; background_color_gradient_start=&#8221;rgba(0,0,0,0)&#8221; background_color_gradient_start_position=&#8221;10%&#8221; background_color_gradient_end=&#8221;rgba(0,0,0,0.9)&#8221; background_color_gradient_end_position=&#8221;60%&#8221; background_image=&#8221;http:\/\/tecnoris.cl\/wp-content\/uploads\/2021\/12\/electrician_17.png&#8221; background_position=&#8221;bottom_center&#8221; custom_button_one=&#8221;on&#8221; button_one_text_size=&#8221;14px&#8221; button_one_text_color=&#8221;#ffffff&#8221; button_one_bg_color=&#8221;#004ffe&#8221; button_one_border_width=&#8221;20px&#8221; button_one_border_color=&#8221;rgba(0,0,0,0)&#8221; button_one_border_radius=&#8221;0px&#8221; button_one_letter_spacing=&#8221;3px&#8221; button_one_font=&#8221;Libre Franklin|700||on|||||&#8221; button_one_icon=&#8221;&#x24;||divi||400&#8243; custom_button_two=&#8221;on&#8221; button_two_text_size=&#8221;14px&#8221; button_two_text_color=&#8221;#004ffe&#8221; button_two_bg_color=&#8221;#ffffff&#8221; button_two_border_width=&#8221;20px&#8221; button_two_border_color=&#8221;rgba(0,0,0,0)&#8221; button_two_border_radius=&#8221;0px&#8221; button_two_letter_spacing=&#8221;3px&#8221; button_two_font=&#8221;Libre Franklin|700||on|||||&#8221; button_two_icon=&#8221;&#x24;||divi||400&#8243; width=&#8221;100%&#8221; max_width=&#8221;100%&#8221; min_height=&#8221;452.5px&#8221; custom_margin=&#8221;||18px||false|&#8221; custom_padding=&#8221;6vw||4vw||false|&#8221; custom_padding_tablet=&#8221;80px||180px|&#8221; custom_padding_phone=&#8221;&#8221; custom_padding_last_edited=&#8221;on|phone&#8221; title_font_size_tablet=&#8221;54px&#8221; title_font_size_phone=&#8221;28px&#8221; title_font_size_last_edited=&#8221;on|phone&#8221; subhead_font_size_tablet=&#8221;54px&#8221; subhead_font_size_phone=&#8221;24px&#8221; subhead_font_size_last_edited=&#8221;on|phone&#8221; box_shadow_style_button_one=&#8221;preset4&#8243; box_shadow_horizontal_button_one=&#8221;-20px&#8221; box_shadow_vertical_button_one=&#8221;-20px&#8221; box_shadow_spread_button_one=&#8221;-5px&#8221; box_shadow_color_button_one=&#8221;rgba(0,79,254,0.4)&#8221; box_shadow_style_button_two=&#8221;preset4&#8243; box_shadow_horizontal_button_two=&#8221;20px&#8221; box_shadow_vertical_button_two=&#8221;20px&#8221; box_shadow_spread_button_two=&#8221;-5px&#8221; box_shadow_color_button_two=&#8221;rgba(255,255,255,0.2)&#8221; button_one_letter_spacing_hover=&#8221;3px&#8221; button_two_letter_spacing_hover=&#8221;3px&#8221; global_colors_info=&#8221;{}&#8221; button_one_text_size__hover_enabled=&#8221;off&#8221; button_two_text_size__hover_enabled=&#8221;off&#8221; button_one_text_color__hover_enabled=&#8221;off&#8221; button_two_text_color__hover_enabled=&#8221;off&#8221; button_one_border_width__hover_enabled=&#8221;off&#8221; button_two_border_width__hover_enabled=&#8221;off&#8221; button_one_border_color__hover_enabled=&#8221;off&#8221; button_two_border_color__hover_enabled=&#8221;off&#8221; button_one_border_radius__hover_enabled=&#8221;off&#8221; button_two_border_radius__hover_enabled=&#8221;off&#8221; button_one_letter_spacing__hover_enabled=&#8221;on&#8221; button_one_letter_spacing__hover=&#8221;3px&#8221; button_two_letter_spacing__hover_enabled=&#8221;on&#8221; button_two_letter_spacing__hover=&#8221;3px&#8221; button_one_bg_color__hover_enabled=&#8221;off&#8221; button_two_bg_color__hover_enabled=&#8221;off&#8221;][\/et_pb_fullwidth_header][\/et_pb_section][et_pb_section fb_built=&#8221;1&#8243; admin_label=&#8221;About Us&#8221; _builder_version=&#8221;4.16&#8243; use_background_color_gradient=&#8221;on&#8221; background_color_gradient_stops=&#8221;#ffffff 0%|rgba(255,255,255,0.66) 100%&#8221; background_color_gradient_overlays_image=&#8221;on&#8221; background_color_gradient_start=&#8221;#ffffff&#8221; background_color_gradient_end=&#8221;rgba(255,255,255,0.66)&#8221; background_image=&#8221;http:\/\/tecnoris.cl\/wp-content\/uploads\/2021\/12\/electrician_19.png&#8221; background_size=&#8221;initial&#8221; background_position=&#8221;bottom_center&#8221; min_height=&#8221;473.9px&#8221; custom_padding=&#8221;34px|0px|0|0px|false|false&#8221; global_colors_info=&#8221;{}&#8221;][et_pb_row column_structure=&#8221;1_2,1_2&#8243; _builder_version=&#8221;4.16&#8243; min_height=&#8221;401.9px&#8221; custom_margin=&#8221;|||&#8221; custom_padding=&#8221;|||&#8221; locked=&#8221;off&#8221; global_colors_info=&#8221;{}&#8221;][et_pb_column type=&#8221;1_2&#8243; _builder_version=&#8221;4.16&#8243; custom_padding=&#8221;|||&#8221; global_colors_info=&#8221;{}&#8221; custom_padding__hover=&#8221;|||&#8221;][et_pb_text _builder_version=&#8221;4.16&#8243; text_font=&#8221;||||||||&#8221; text_font_size=&#8221;16px&#8221; text_line_height=&#8221;1.8em&#8221; header_font=&#8221;Libre Franklin|600|||||||&#8221; header_font_size=&#8221;60px&#8221; header_line_height=&#8221;1.4em&#8221; max_width=&#8221;600px&#8221; custom_padding=&#8221;0px|||||&#8221; header_font_size_tablet=&#8221;&#8221; header_font_size_phone=&#8221;32px&#8221; header_font_size_last_edited=&#8221;on|phone&#8221; global_colors_info=&#8221;{}&#8221;]<\/p>\n<h2>Quienes somos<\/h2>\n<p>&nbsp;<\/p>\n<p style=\"font-weight: 400;\"><span>Tecnoris \u00a0es una empresa de Servicios TI, con amplia experiencia en Ingenier\u00eda de Procesos, Mantenimiento y Desarrollo de Sistemas, Consultor\u00eda en Gesti\u00f3n Empresarial, e Implementaci\u00f3n de Soluciones a medida.<\/span><\/p>\n<p style=\"font-weight: 400;\"><span>Somos un equipo de profesionales apasionados por la tecnolog\u00eda y los sistemas inform\u00e1ticos, con m\u00e1s de 20 a\u00f1os de experiencia en el rubro.<\/span><\/p>\n<p style=\"font-weight: 400;\"><span>Nuestra misi\u00f3n es brindar soluciones integrales asegurando la calidad y la mejora continuas en todas las etapas del proyecto.<\/span><\/p>\n<p>[\/et_pb_text][\/et_pb_column][et_pb_column type=&#8221;1_2&#8243; _builder_version=&#8221;4.16&#8243; custom_padding=&#8221;|||&#8221; global_colors_info=&#8221;{}&#8221; custom_padding__hover=&#8221;|||&#8221;][et_pb_image src=&#8221;http:\/\/tecnoris.cl\/wp-content\/uploads\/2022\/03\/mesa-de-trabajo-e1646239517679.jpeg&#8221; title_text=&#8221;mesa de trabajo&#8221; force_fullwidth=&#8221;on&#8221; _builder_version=&#8221;4.16&#8243; _module_preset=&#8221;default&#8221; min_height=&#8221;367.8px&#8221; custom_margin=&#8221;||13px|||&#8221; custom_padding=&#8221;4px|||||&#8221; global_colors_info=&#8221;{}&#8221;][\/et_pb_image][\/et_pb_column][\/et_pb_row][\/et_pb_section][et_pb_section fb_built=&#8221;1&#8243; admin_label=&#8221;Services&#8221; _builder_version=&#8221;4.16&#8243; background_enable_color=&#8221;off&#8221; use_background_color_gradient=&#8221;on&#8221; background_color_gradient_direction=&#8221;360deg&#8221; background_color_gradient_stops=&#8221;#ffffff 0%|rgba(224,153,0,0.29) 100%&#8221; background_color_gradient_start=&#8221;#ffffff&#8221; background_color_gradient_end=&#8221;rgba(224,153,0,0.29)&#8221; background_enable_image=&#8221;off&#8221; background_position=&#8221;bottom_center&#8221; background_repeat=&#8221;repeat&#8221; width=&#8221;100%&#8221; min_height=&#8221;534.2px&#8221; custom_margin=&#8221;-1px|||||&#8221; custom_padding=&#8221;34px|0px|1px|0px|false|false&#8221; global_colors_info=&#8221;{}&#8221;][et_pb_row column_structure=&#8221;1_2,1_2&#8243; _builder_version=&#8221;4.16&#8243; min_height=&#8221;25px&#8221; custom_padding=&#8221;0px||0px|||&#8221; locked=&#8221;off&#8221; global_colors_info=&#8221;{}&#8221;][et_pb_column type=&#8221;1_2&#8243; _builder_version=&#8221;4.16&#8243; custom_padding=&#8221;|||&#8221; global_colors_info=&#8221;{}&#8221; custom_padding__hover=&#8221;|||&#8221;][et_pb_text _builder_version=&#8221;4.16&#8243; _module_preset=&#8221;default&#8221; global_colors_info=&#8221;{}&#8221;]<\/p>\n<h2>Servicios<\/h2>\n<p>[\/et_pb_text][\/et_pb_column][et_pb_column type=&#8221;1_2&#8243; _builder_version=&#8221;4.16&#8243; custom_padding=&#8221;|||&#8221; global_colors_info=&#8221;{}&#8221; custom_padding__hover=&#8221;|||&#8221;][\/et_pb_column][\/et_pb_row][et_pb_row column_structure=&#8221;1_2,1_2&#8243; _builder_version=&#8221;4.21.0&#8243; locked=&#8221;off&#8221; global_colors_info=&#8221;{}&#8221;][et_pb_column type=&#8221;1_2&#8243; _builder_version=&#8221;4.16&#8243; custom_padding=&#8221;|||&#8221; global_colors_info=&#8221;{}&#8221; custom_padding__hover=&#8221;|||&#8221;][et_pb_icon font_icon=&#8221;&#xe0ec;||divi||400&#8243; icon_color=&#8221;#E09900&#8243; icon_width=&#8221;50px&#8221; _builder_version=&#8221;4.21.0&#8243; _module_preset=&#8221;default&#8221; global_colors_info=&#8221;{}&#8221;][\/et_pb_icon][et_pb_toggle title=&#8221;Nuevo!!! Implementaci\u00f3n ZOHO CRM y su suite de aplicaciones. Desc\u00fabrelo gratis por 2 semanas&#8221; _builder_version=&#8221;4.21.0&#8243; _module_preset=&#8221;default&#8221; title_font_size=&#8221;18px&#8221; filter_contrast=&#8221;110%&#8221; animation_style=&#8221;flip&#8221; box_shadow_style=&#8221;preset2&#8243; global_colors_info=&#8221;{}&#8221;]<\/p>\n<p>\u00bfTe imaginas que todas las interacciones con tus clientes, prospectos y posibles clientes se llevan a cabo de manera fluida y eficiente?<\/p>\n<ul>\n<li>Con vista 360\u00b0 de cada uno de ellos para entender mejor sus necesidades<\/li>\n<li>Visualizaci\u00f3n de tu pipeline y funnel de ventas.<\/li>\n<li>Gesti\u00f3n de vendedores a partir de un forecast.<\/li>\n<li>Cientos de reportes y dashboard ya definidos con posibilidad de crear nuevos a la medida de tus necesidades.<\/li>\n<\/ul>\n<p>Queremos que conozcas a Zoho ONE, y su suite de m\u00e1s de 40 aplicaciones integradas.<\/p>\n<p>Su CRM dispone de 90.000.000 de usuarios en el mundo que confirman sus beneficios.<\/p>\n<p>Nos especializamos en la suite ZOHO ONE, queremos apoyarte para mejorar la productividad, ahorrar tiempo y dinero en tu negocio.<\/p>\n<p>\u00bfPor qu\u00e9 contratarnos? Nuestra forma de trabajo es sencilla:<\/p>\n<ul>\n<li>Entendemos tu problema<\/li>\n<li>Modelamos la mejor soluci\u00f3n<\/li>\n<li>Implementamos y te capacitamos<\/li>\n<li>Mantenimiento opcional<\/li>\n<\/ul>\n<p>Diagnostico sin costo, tarifas muy atractivas para implantaci\u00f3n, capacitaci\u00f3n y posterior mantenimiento.<\/p>\n<p>&nbsp;<\/p>\n<ul>\n<li><strong>90 M+ usuarios en todo el mundo<\/strong><\/li>\n<li><strong>150+ paises atendidos<\/strong><\/li>\n<li><strong>12K+ empleados en todo el mundo<\/strong><\/li>\n<li><strong>25+ a\u00f1os en el negocio<\/strong><\/li>\n<\/ul>\n<p>[\/et_pb_toggle][et_pb_icon font_icon=&#8221;&#xe038;||divi||400&#8243; icon_color=&#8221;#E09900&#8243; icon_width=&#8221;50px&#8221; _builder_version=&#8221;4.16&#8243; _module_preset=&#8221;default&#8221; custom_padding=&#8221;0px|||||&#8221; global_colors_info=&#8221;{}&#8221;][\/et_pb_icon][et_pb_toggle title=&#8221;Desarrollo y Mantenci\u00f3n de Software&#8221; _builder_version=&#8221;4.21.0&#8243; _module_preset=&#8221;default&#8221; title_font_size=&#8221;18px&#8221; custom_margin=&#8221;||8px|||&#8221; custom_padding=&#8221;||23px|||&#8221; filter_saturate=&#8221;0%&#8221; filter_contrast=&#8221;110%&#8221; mix_blend_mode=&#8221;soft-light&#8221; animation_style=&#8221;flip&#8221; border_width_right=&#8221;0px&#8221; border_style_right=&#8221;dashed&#8221; box_shadow_style=&#8221;preset2&#8243; global_colors_info=&#8221;{}&#8221;]<\/p>\n<p>Soluciones con altos est\u00e1ndares de calidad y a la medida de los requerimientos de nuestros clientes, generando aplicaciones integrales por medio de una f\u00e1brica de software que incorpora, de forma transversal, \u00e1reas de PMO y QA en todos sus proyectos.<\/p>\n<p>[\/et_pb_toggle][et_pb_icon font_icon=&#8221;&#xe102;||divi||400&#8243; icon_color=&#8221;#E09900&#8243; icon_width=&#8221;50px&#8221; _builder_version=&#8221;4.16&#8243; _module_preset=&#8221;default&#8221; global_colors_info=&#8221;{}&#8221;][\/et_pb_icon][et_pb_toggle title=&#8221;Ingenier\u00eda en software&#8221; _builder_version=&#8221;4.16&#8243; _module_preset=&#8221;default&#8221; title_font_size=&#8221;18px&#8221; filter_contrast=&#8221;110%&#8221; animation_style=&#8221;flip&#8221; box_shadow_style=&#8221;preset2&#8243; global_colors_info=&#8221;{}&#8221;]<\/p>\n<p>Contamos con un equipo de expertos para acompa\u00f1arlos en la ejecuci\u00f3n de sus proyectos y tambi\u00e9n apoyarlos en el mantenimiento de sus sistemas en ambiente mainframe, web y m\u00f3vil.<\/p>\n<p>[\/et_pb_toggle][\/et_pb_column][et_pb_column type=&#8221;1_2&#8243; _builder_version=&#8221;4.16&#8243; custom_padding=&#8221;|||&#8221; global_colors_info=&#8221;{}&#8221; custom_padding__hover=&#8221;|||&#8221;][et_pb_icon font_icon=&#8221;&#xe007;||divi||400&#8243; icon_color=&#8221;#E09900&#8243; icon_width=&#8221;50px&#8221; _builder_version=&#8221;4.16&#8243; _module_preset=&#8221;default&#8221; global_colors_info=&#8221;{}&#8221;][\/et_pb_icon][et_pb_toggle title=&#8221;Business Intelligence&#8221; _builder_version=&#8221;4.21.0&#8243; _module_preset=&#8221;default&#8221; title_font_size=&#8221;18px&#8221; custom_padding=&#8221;10px||49px|||&#8221; filter_contrast=&#8221;110%&#8221; animation_style=&#8221;flip&#8221; box_shadow_style=&#8221;preset2&#8243; global_colors_info=&#8221;{}&#8221;]<\/p>\n<p>Podemos abordar el redise\u00f1o y\/o mantenimiento de un reporte y\/o dashboard,\u00a0 como as\u00ed tambi\u00e9n confeccionar la plataforma de reporting y BI completa.<\/p>\n<p>[\/et_pb_toggle][et_pb_icon font_icon=&#8221;&#xe08b;||divi||400&#8243; icon_color=&#8221;#E09900&#8243; icon_width=&#8221;50px&#8221; _builder_version=&#8221;4.21.0&#8243; _module_preset=&#8221;default&#8221; global_colors_info=&#8221;{}&#8221;][\/et_pb_icon][et_pb_toggle title=&#8221;Outsourcing TI\/ Recruiting&#8221; _builder_version=&#8221;4.16&#8243; _module_preset=&#8221;default&#8221; title_level=&#8221;h4&#8243; filter_contrast=&#8221;110%&#8221; animation_style=&#8221;flip&#8221; box_shadow_style=&#8221;preset2&#8243; global_colors_info=&#8221;{}&#8221;]<\/p>\n<p>Disponemos de una amplia base de datos de perfiles TI y un equipo experimentado en el rubro.<\/p>\n<p>Nuestro servicio incluye la b\u00fasqueda de personal de acuerdo a sus requerimientos, a las tecnolog\u00edas y los conocimientos que necesite.<\/p>\n<p>Abordamos la entrevista personal, psicot\u00e9cnica, t\u00e9cnica y pre-ocupacional.<\/p>\n<p>Estamos enfocados en seleccionar los candidatos \u00f3ptimos para el crecimiento de tus negocios, todos los candidatos son evaluados y seleccionados, en los tiempos m\u00e1s eficientes del mercado, ahorrando esfuerzos y recursos.<\/p>\n<p>[\/et_pb_toggle][\/et_pb_column][\/et_pb_row][\/et_pb_section][et_pb_section fb_built=&#8221;1&#8243; admin_label=&#8221;Footer&#8221; _builder_version=&#8221;4.16&#8243; use_background_color_gradient=&#8221;on&#8221; background_color_gradient_type=&#8221;circular&#8221; background_color_gradient_direction_radial=&#8221;top left&#8221; background_color_gradient_stops=&#8221;rgba(0,0,0,0) 10%|rgba(0,0,0,0.75) 60%&#8221; background_color_gradient_start=&#8221;rgba(0,0,0,0)&#8221; background_color_gradient_start_position=&#8221;10%&#8221; background_color_gradient_end=&#8221;rgba(0,0,0,0.75)&#8221; background_color_gradient_end_position=&#8221;60%&#8221; background_image=&#8221;http:\/\/tecnoris.cl\/wp-content\/uploads\/2022\/01\/FOto12.jpg&#8221; parallax=&#8221;on&#8221; parallax_method=&#8221;off&#8221; min_height=&#8221;565.9px&#8221; custom_margin=&#8221;53px||47px|||&#8221; custom_padding=&#8221;58px||42px|||&#8221; global_colors_info=&#8221;{}&#8221;][et_pb_row column_structure=&#8221;2_3,1_3&#8243; _builder_version=&#8221;4.16&#8243; global_colors_info=&#8221;{}&#8221;][et_pb_column type=&#8221;2_3&#8243; _builder_version=&#8221;4.16&#8243; custom_padding=&#8221;|||&#8221; global_colors_info=&#8221;{}&#8221; custom_padding__hover=&#8221;|||&#8221;][et_pb_contact_form captcha=&#8221;off&#8221; email=&#8221;florencia.pichel@tecnoris.cl&#8221; title=&#8221;Contactanos&#8221; success_message=&#8221;Gracias por contactarnos, te llamaremos a la brevedad&#8221; submit_button_text=&#8221;Enviar&#8221; module_id=&#8221;et_pb_contact_form_0&#8243; _builder_version=&#8221;4.16&#8243; _unique_id=&#8221;6e70c0ab-e5bb-44f2-80aa-9a442010c628&#8243; form_field_background_color=&#8221;#ffffff&#8221; title_text_color=&#8221;#FFFFFF&#8221; title_font_size=&#8221;41px&#8221; form_field_font=&#8221;||||||||&#8221; form_field_line_height=&#8221;1.8em&#8221; custom_button=&#8221;on&#8221; button_text_size=&#8221;13px&#8221; button_text_color=&#8221;#ffffff&#8221; button_bg_color=&#8221;#ffb400&#8243; button_border_width=&#8221;7px&#8221; button_border_color=&#8221;#ffb400&#8243; button_border_radius=&#8221;17px&#8221; button_letter_spacing=&#8221;3px&#8221; button_font=&#8221;Libre Franklin|700||on|||||&#8221; button_icon=&#8221;&#x24;||divi||400&#8243; box_shadow_style_button=&#8221;preset4&#8243; box_shadow_horizontal_button=&#8221;20px&#8221; box_shadow_vertical_button=&#8221;20px&#8221; box_shadow_spread_button=&#8221;-5px&#8221; box_shadow_color_button=&#8221;rgba(255,180,0,0.24)&#8221; form_background_color=&#8221;#ffffff&#8221; global_colors_info=&#8221;{}&#8221;][et_pb_contact_field field_id=&#8221;Nombre&#8221; field_title=&#8221;Nombre&#8221; _builder_version=&#8221;4.16&#8243; global_colors_info=&#8221;{}&#8221; button_text_size__hover_enabled=&#8221;off&#8221; button_one_text_size__hover_enabled=&#8221;off&#8221; button_two_text_size__hover_enabled=&#8221;off&#8221; button_text_color__hover_enabled=&#8221;off&#8221; button_one_text_color__hover_enabled=&#8221;off&#8221; button_two_text_color__hover_enabled=&#8221;off&#8221; button_border_width__hover_enabled=&#8221;off&#8221; button_one_border_width__hover_enabled=&#8221;off&#8221; button_two_border_width__hover_enabled=&#8221;off&#8221; button_border_color__hover_enabled=&#8221;off&#8221; button_one_border_color__hover_enabled=&#8221;off&#8221; button_two_border_color__hover_enabled=&#8221;off&#8221; button_border_radius__hover_enabled=&#8221;off&#8221; button_one_border_radius__hover_enabled=&#8221;off&#8221; button_two_border_radius__hover_enabled=&#8221;off&#8221; button_letter_spacing__hover_enabled=&#8221;off&#8221; button_one_letter_spacing__hover_enabled=&#8221;off&#8221; button_two_letter_spacing__hover_enabled=&#8221;off&#8221; button_bg_color__hover_enabled=&#8221;off&#8221; button_one_bg_color__hover_enabled=&#8221;off&#8221; button_two_bg_color__hover_enabled=&#8221;off&#8221;][\/et_pb_contact_field][et_pb_contact_field field_id=&#8221;Email&#8221; field_title=&#8221;Direcci\u00f3n de Email&#8221; field_type=&#8221;email&#8221; _builder_version=&#8221;4.16&#8243; global_colors_info=&#8221;{}&#8221; button_text_size__hover_enabled=&#8221;off&#8221; button_one_text_size__hover_enabled=&#8221;off&#8221; button_two_text_size__hover_enabled=&#8221;off&#8221; button_text_color__hover_enabled=&#8221;off&#8221; button_one_text_color__hover_enabled=&#8221;off&#8221; button_two_text_color__hover_enabled=&#8221;off&#8221; button_border_width__hover_enabled=&#8221;off&#8221; button_one_border_width__hover_enabled=&#8221;off&#8221; button_two_border_width__hover_enabled=&#8221;off&#8221; button_border_color__hover_enabled=&#8221;off&#8221; button_one_border_color__hover_enabled=&#8221;off&#8221; button_two_border_color__hover_enabled=&#8221;off&#8221; button_border_radius__hover_enabled=&#8221;off&#8221; button_one_border_radius__hover_enabled=&#8221;off&#8221; button_two_border_radius__hover_enabled=&#8221;off&#8221; button_letter_spacing__hover_enabled=&#8221;off&#8221; button_one_letter_spacing__hover_enabled=&#8221;off&#8221; button_two_letter_spacing__hover_enabled=&#8221;off&#8221; button_bg_color__hover_enabled=&#8221;off&#8221; button_one_bg_color__hover_enabled=&#8221;off&#8221; button_two_bg_color__hover_enabled=&#8221;off&#8221;][\/et_pb_contact_field][et_pb_contact_field field_id=&#8221;Mensaje&#8221; field_title=&#8221;Mensaje&#8221; field_type=&#8221;text&#8221; fullwidth_field=&#8221;on&#8221; _builder_version=&#8221;4.16&#8243; global_colors_info=&#8221;{}&#8221; button_text_size__hover_enabled=&#8221;off&#8221; button_one_text_size__hover_enabled=&#8221;off&#8221; button_two_text_size__hover_enabled=&#8221;off&#8221; button_text_color__hover_enabled=&#8221;off&#8221; button_one_text_color__hover_enabled=&#8221;off&#8221; button_two_text_color__hover_enabled=&#8221;off&#8221; button_border_width__hover_enabled=&#8221;off&#8221; button_one_border_width__hover_enabled=&#8221;off&#8221; button_two_border_width__hover_enabled=&#8221;off&#8221; button_border_color__hover_enabled=&#8221;off&#8221; button_one_border_color__hover_enabled=&#8221;off&#8221; button_two_border_color__hover_enabled=&#8221;off&#8221; button_border_radius__hover_enabled=&#8221;off&#8221; button_one_border_radius__hover_enabled=&#8221;off&#8221; button_two_border_radius__hover_enabled=&#8221;off&#8221; button_letter_spacing__hover_enabled=&#8221;off&#8221; button_one_letter_spacing__hover_enabled=&#8221;off&#8221; button_two_letter_spacing__hover_enabled=&#8221;off&#8221; button_bg_color__hover_enabled=&#8221;off&#8221; button_one_bg_color__hover_enabled=&#8221;off&#8221; button_two_bg_color__hover_enabled=&#8221;off&#8221;][\/et_pb_contact_field][\/et_pb_contact_form][\/et_pb_column][et_pb_column type=&#8221;1_3&#8243; _builder_version=&#8221;4.16&#8243; custom_padding=&#8221;|||&#8221; global_colors_info=&#8221;{}&#8221; custom_padding__hover=&#8221;|||&#8221;][et_pb_blurb title=&#8221;Email&#8221; use_icon=&#8221;on&#8221; font_icon=&#8221;&#xe076;||divi||400&#8243; icon_color=&#8221;#ffb400&#8243; icon_placement=&#8221;left&#8221; image_icon_width=&#8221;22px&#8221; _builder_version=&#8221;4.21.0&#8243; header_font=&#8221;Libre Franklin|600|||||||&#8221; header_line_height=&#8221;1.4em&#8221; body_font=&#8221;||||||||&#8221; body_font_size=&#8221;16px&#8221; body_line_height=&#8221;1.8em&#8221; background_layout=&#8221;dark&#8221; custom_padding=&#8221;||9px|||&#8221; animation=&#8221;off&#8221; hover_enabled=&#8221;0&#8243; icon_font_size=&#8221;22px&#8221; locked=&#8221;off&#8221; global_colors_info=&#8221;{}&#8221; sticky_enabled=&#8221;0&#8243;]<\/p>\n<p>ventas@tecnoris.cl<\/p>\n<p>[\/et_pb_blurb][et_pb_blurb title=&#8221;WhatsApp&#8221; use_icon=&#8221;on&#8221; font_icon=&#8221;&#xf232;||fa||400&#8243; icon_color=&#8221;#ffb400&#8243; icon_placement=&#8221;left&#8221; image_icon_width=&#8221;22px&#8221; _builder_version=&#8221;4.21.0&#8243; header_font=&#8221;Libre Franklin|600|||||||&#8221; header_line_height=&#8221;1.4em&#8221; body_font=&#8221;||||||||&#8221; body_font_size=&#8221;15px&#8221; body_line_height=&#8221;1.8em&#8221; body_link_text_color=&#8221;#FFFFFF&#8221; body_link_font_size=&#8221;15px&#8221; background_layout=&#8221;dark&#8221; animation=&#8221;off&#8221; icon_font_size=&#8221;22px&#8221; locked=&#8221;off&#8221; global_colors_info=&#8221;{}&#8221;]<\/p>\n<p><a href=\"https:\/\/api.whatsapp.com\/send?phone=56998831440&amp;text=Bienvenido%20a%20Tecnoris%20Whatsapp.%0ACu%C3%A9ntanos%2C%20%C2%BFc%C3%B3mo%20podemos%20ayudarte%3F\">+56 9 98831440<\/a><\/p>\n<p>[\/et_pb_blurb][et_pb_blurb title=&#8221;Telefono&#8221; use_icon=&#8221;on&#8221; font_icon=&#8221;&#xe090;||divi||400&#8243; icon_color=&#8221;#ffb400&#8243; icon_placement=&#8221;left&#8221; image_icon_width=&#8221;22px&#8221; _builder_version=&#8221;4.21.0&#8243; header_font=&#8221;Libre Franklin|600|||||||&#8221; header_line_height=&#8221;1.4em&#8221; body_font=&#8221;||||||||&#8221; body_font_size=&#8221;15px&#8221; body_line_height=&#8221;1.8em&#8221; background_layout=&#8221;dark&#8221; animation=&#8221;off&#8221; icon_font_size=&#8221;22px&#8221; locked=&#8221;off&#8221; global_colors_info=&#8221;{}&#8221;]+56 9 98831440<br \/>\n+56 9 91399638[\/et_pb_blurb][\/et_pb_column][\/et_pb_row][\/et_pb_section]<\/p>\n","protected":false},"excerpt":{"rendered":"<p>Quienes somos &nbsp; Tecnoris \u00a0es una empresa de Servicios TI, con amplia experiencia en Ingenier\u00eda de Procesos, Mantenimiento y Desarrollo de Sistemas, Consultor\u00eda en Gesti\u00f3n Empresarial, e Implementaci\u00f3n de Soluciones a medida. Somos un equipo de profesionales apasionados por la tecnolog\u00eda y los sistemas inform\u00e1ticos, con m\u00e1s de 20 a\u00f1os de experiencia en el rubro. [&hellip;]<\/p>\n","protected":false},"author":1,"featured_media":0,"parent":0,"menu_order":0,"comment_status":"closed","ping_status":"closed","template":"","meta":{"_et_pb_use_builder":"on","_et_pb_old_content":"","_et_gb_content_width":"","footnotes":""},"class_list":["post-7","page","type-page","status-publish","hentry"],"_links":{"self":[{"href":"https:\/\/tecnoris.cl\/index.php\/wp-json\/wp\/v2\/pages\/7","targetHints":{"allow":["GET"]}}],"collection":[{"href":"https:\/\/tecnoris.cl\/index.php\/wp-json\/wp\/v2\/pages"}],"about":[{"href":"https:\/\/tecnoris.cl\/index.php\/wp-json\/wp\/v2\/types\/page"}],"author":[{"embeddable":true,"href":"https:\/\/tecnoris.cl\/index.php\/wp-json\/wp\/v2\/users\/1"}],"replies":[{"embeddable":true,"href":"https:\/\/tecnoris.cl\/index.php\/wp-json\/wp\/v2\/comments?post=7"}],"version-history":[{"count":54,"href":"https:\/\/tecnoris.cl\/index.php\/wp-json\/wp\/v2\/pages\/7\/revisions"}],"predecessor-version":[{"id":370,"href":"https:\/\/tecnoris.cl\/index.php\/wp-json\/wp\/v2\/pages\/7\/revisions\/370"}],"wp:attachment":[{"href":"https:\/\/tecnoris.cl\/index.php\/wp-json\/wp\/v2\/media?parent=7"}],"curies":[{"name":"wp","href":"https:\/\/api.w.org\/{rel}","templated":true}]}}