{"id":45,"date":"2021-12-05T00:54:05","date_gmt":"2021-12-05T00:54:05","guid":{"rendered":"http:\/\/tecnoris.cl\/?page_id=45"},"modified":"2023-07-19T02:06:53","modified_gmt":"2023-07-19T02:06:53","slug":"servicios","status":"publish","type":"page","link":"https:\/\/tecnoris.cl\/index.php\/servicios\/","title":{"rendered":"Servicios"},"content":{"rendered":"<p>[et_pb_section fb_built=&#8221;1&#8243; admin_label=&#8221;Services&#8221; _builder_version=&#8221;4.16&#8243; background_enable_color=&#8221;off&#8221; use_background_color_gradient=&#8221;on&#8221; background_color_gradient_direction=&#8221;360deg&#8221; background_color_gradient_stops=&#8221;#ffffff 0%|rgba(224,153,0,0.29) 100%&#8221; background_color_gradient_start=&#8221;#ffffff&#8221; background_color_gradient_end=&#8221;rgba(224,153,0,0.29)&#8221; background_enable_image=&#8221;off&#8221; background_position=&#8221;bottom_center&#8221; background_repeat=&#8221;repeat&#8221; custom_padding=&#8221;54px|0px|54px|0px|false|false&#8221; global_colors_info=&#8221;{}&#8221;][et_pb_row column_structure=&#8221;1_2,1_2&#8243; _builder_version=&#8221;4.16&#8243; locked=&#8221;off&#8221; global_colors_info=&#8221;{}&#8221;][et_pb_column type=&#8221;1_2&#8243; _builder_version=&#8221;4.16&#8243; custom_padding=&#8221;|||&#8221; global_colors_info=&#8221;{}&#8221; custom_padding__hover=&#8221;|||&#8221;][et_pb_text _builder_version=&#8221;4.16&#8243; _module_preset=&#8221;default&#8221; global_colors_info=&#8221;{}&#8221;]<\/p>\n<h2>Servicios<\/h2>\n<p>[\/et_pb_text][\/et_pb_column][et_pb_column type=&#8221;1_2&#8243; _builder_version=&#8221;4.16&#8243; custom_padding=&#8221;|||&#8221; global_colors_info=&#8221;{}&#8221; custom_padding__hover=&#8221;|||&#8221;][\/et_pb_column][\/et_pb_row][et_pb_row column_structure=&#8221;1_2,1_2&#8243; _builder_version=&#8221;4.16&#8243; locked=&#8221;off&#8221; global_colors_info=&#8221;{}&#8221;][et_pb_column type=&#8221;1_2&#8243; _builder_version=&#8221;4.16&#8243; custom_padding=&#8221;|||&#8221; global_colors_info=&#8221;{}&#8221; custom_padding__hover=&#8221;|||&#8221;][et_pb_icon font_icon=&#8221;&#xe0ec;||divi||400&#8243; icon_color=&#8221;#E09900&#8243; icon_width=&#8221;50px&#8221; _builder_version=&#8221;4.21.0&#8243; _module_preset=&#8221;default&#8221; global_colors_info=&#8221;{}&#8221;][\/et_pb_icon][et_pb_toggle title=&#8221;Nuevo!!! Implementaci\u00f3n ZOHO CRM y su suite de aplicaciones. Desc\u00fabrelo gratis por 2 semanas&#8221; _builder_version=&#8221;4.16&#8243; _module_preset=&#8221;default&#8221; title_font_size=&#8221;18px&#8221; filter_saturate=&#8221;0%&#8221; filter_contrast=&#8221;110%&#8221; mix_blend_mode=&#8221;soft-light&#8221; animation_style=&#8221;flip&#8221; border_width_right=&#8221;0px&#8221; border_style_right=&#8221;dashed&#8221; box_shadow_style=&#8221;preset2&#8243; global_colors_info=&#8221;{}&#8221;]<\/p>\n<p>\u00bfTe imaginas que todas las interacciones con tus clientes, prospectos y posibles clientes se llevan a cabo de manera fluida y eficiente?<\/p>\n<ul>\n<li>Con vista 360\u00b0 de cada uno de ellos para entender mejor sus necesidades<\/li>\n<li>Visualizaci\u00f3n de tu pipeline y funnel de ventas.<\/li>\n<li>Gesti\u00f3n de vendedores a partir de un forecast.<\/li>\n<li>Cientos de reportes y dashboard ya definidos con posibilidad de crear nuevos a la medida de tus necesidades.<\/li>\n<\/ul>\n<p>Queremos que conozcas a Zoho ONE, y su suite de m\u00e1s de 40 aplicaciones integradas.<\/p>\n<p>Su CRM dispone de 90.000.000 de usuarios en el mundo que confirman sus beneficios.<\/p>\n<p>Nos especializamos en la suite ZOHO ONE, queremos apoyarte para mejorar la productividad, ahorrar tiempo y dinero en tu negocio.<\/p>\n<p>\u00bfPor qu\u00e9 contratarnos? Nuestra forma de trabajo es sencilla:<\/p>\n<ul>\n<li>Entendemos tu problema<\/li>\n<li>Modelamos la mejor soluci\u00f3n<\/li>\n<li>Implementamos y te capacitamos<\/li>\n<li>Mantenimiento opcional<\/li>\n<\/ul>\n<p>Diagnostico sin costo, tarifas muy atractivas para implantaci\u00f3n, capacitaci\u00f3n y posterior mantenimiento.<\/p>\n<p>&nbsp;<\/p>\n<ul>\n<li><strong>90 M+ usuarios en todo el mundo<\/strong><\/li>\n<li><strong>150+ paises atendidos<\/strong><\/li>\n<li><strong>12K+ empleados en todo el mundo<\/strong><\/li>\n<li><strong>25+ a\u00f1os en el negocio<\/strong><\/li>\n<\/ul>\n<p>[\/et_pb_toggle][et_pb_icon font_icon=&#8221;&#xe038;||divi||400&#8243; icon_color=&#8221;#E09900&#8243; icon_width=&#8221;50px&#8221; _builder_version=&#8221;4.16&#8243; _module_preset=&#8221;default&#8221; global_colors_info=&#8221;{}&#8221;][\/et_pb_icon][et_pb_toggle title=&#8221;Desarrollo y Mantenci\u00f3n de Software&#8221; _builder_version=&#8221;4.16&#8243; _module_preset=&#8221;default&#8221; title_font_size=&#8221;18px&#8221; filter_saturate=&#8221;0%&#8221; filter_contrast=&#8221;110%&#8221; mix_blend_mode=&#8221;soft-light&#8221; animation_style=&#8221;flip&#8221; border_width_right=&#8221;0px&#8221; border_style_right=&#8221;dashed&#8221; box_shadow_style=&#8221;preset2&#8243; global_colors_info=&#8221;{}&#8221;]<\/p>\n<p>Soluciones con altos est\u00e1ndares de calidad y a la medida de los requerimientos de nuestros clientes, generando aplicaciones integrales por medio de una f\u00e1brica de software que incorpora, de forma transversal, \u00e1reas de PMO y QA en todos sus proyectos.<\/p>\n<p>[\/et_pb_toggle][et_pb_icon font_icon=&#8221;&#xe102;||divi||400&#8243; icon_color=&#8221;#E09900&#8243; icon_width=&#8221;50px&#8221; _builder_version=&#8221;4.16&#8243; _module_preset=&#8221;default&#8221; global_colors_info=&#8221;{}&#8221;][\/et_pb_icon][et_pb_toggle title=&#8221;Ingenier\u00eda en software&#8221; _builder_version=&#8221;4.16&#8243; _module_preset=&#8221;default&#8221; title_font_size=&#8221;18px&#8221; filter_contrast=&#8221;110%&#8221; animation_style=&#8221;flip&#8221; box_shadow_style=&#8221;preset2&#8243; global_colors_info=&#8221;{}&#8221;]<\/p>\n<p>Contamos con un equipo de expertos para acompa\u00f1arlos en la ejecuci\u00f3n de sus proyectos y tambi\u00e9n apoyarlos en el mantenimiento de sus sistemas en ambiente mainframe, web y m\u00f3vil.<\/p>\n<p>[\/et_pb_toggle][\/et_pb_column][et_pb_column type=&#8221;1_2&#8243; _builder_version=&#8221;4.16&#8243; custom_padding=&#8221;|||&#8221; global_colors_info=&#8221;{}&#8221; custom_padding__hover=&#8221;|||&#8221;][et_pb_icon font_icon=&#8221;&#xe007;||divi||400&#8243; icon_color=&#8221;#E09900&#8243; icon_width=&#8221;50px&#8221; _builder_version=&#8221;4.16&#8243; _module_preset=&#8221;default&#8221; global_colors_info=&#8221;{}&#8221;][\/et_pb_icon][et_pb_toggle title=&#8221;Business Intelligence&#8221; _builder_version=&#8221;4.21.0&#8243; _module_preset=&#8221;default&#8221; title_font_size=&#8221;18px&#8221; filter_contrast=&#8221;110%&#8221; animation_style=&#8221;flip&#8221; hover_enabled=&#8221;0&#8243; box_shadow_style=&#8221;preset2&#8243; global_colors_info=&#8221;{}&#8221; custom_margin=&#8221;||22px|||&#8221; sticky_enabled=&#8221;0&#8243; min_height=&#8221;79px&#8221;]<\/p>\n<p>Podemos abordar el redise\u00f1o y\/o mantenimiento de un reporte y\/o dashboard,\u00a0 como as\u00ed tambi\u00e9n confeccionar la plataforma de reporting y BI completa.<\/p>\n<p>[\/et_pb_toggle][et_pb_icon font_icon=&#8221;&#xe08b;||divi||400&#8243; icon_color=&#8221;#E09900&#8243; icon_width=&#8221;50px&#8221; _builder_version=&#8221;4.16&#8243; _module_preset=&#8221;default&#8221; global_colors_info=&#8221;{}&#8221;][\/et_pb_icon][et_pb_toggle title=&#8221;Outsourcing TI\/ Recruiting&#8221; _builder_version=&#8221;4.16&#8243; _module_preset=&#8221;default&#8221; title_level=&#8221;h4&#8243; filter_contrast=&#8221;110%&#8221; animation_style=&#8221;flip&#8221; box_shadow_style=&#8221;preset2&#8243; global_colors_info=&#8221;{}&#8221;]<\/p>\n<p>Disponemos de una amplia base de datos de perfiles TI y un equipo experimentado en el rubro.<\/p>\n<p>Nuestro servicio incluye la b\u00fasqueda de personal de acuerdo a sus requerimientos, a las tecnolog\u00edas y los conocimientos que necesite.<\/p>\n<p>Abordamos la entrevista personal, psicot\u00e9cnica, t\u00e9cnica y pre-ocupacional.<\/p>\n<p>Estamos enfocados en seleccionar los candidatos \u00f3ptimos para el crecimiento de tus negocios, todos los candidatos son evaluados y seleccionados, en los tiempos m\u00e1s eficientes del mercado, ahorrando esfuerzos y recursos.<\/p>\n<p>[\/et_pb_toggle][\/et_pb_column][\/et_pb_row][\/et_pb_section]<\/p>\n","protected":false},"excerpt":{"rendered":"<p>Servicios\u00bfTe imaginas que todas las interacciones con tus clientes, prospectos y posibles clientes se llevan a cabo de manera fluida y eficiente? Con vista 360\u00b0 de cada uno de ellos para entender mejor sus necesidades Visualizaci\u00f3n de tu pipeline y funnel de ventas. Gesti\u00f3n de vendedores a partir de un forecast. Cientos de reportes y [&hellip;]<\/p>\n","protected":false},"author":1,"featured_media":0,"parent":0,"menu_order":0,"comment_status":"closed","ping_status":"closed","template":"","meta":{"_et_pb_use_builder":"on","_et_pb_old_content":"","_et_gb_content_width":"","footnotes":""},"class_list":["post-45","page","type-page","status-publish","hentry"],"_links":{"self":[{"href":"https:\/\/tecnoris.cl\/index.php\/wp-json\/wp\/v2\/pages\/45","targetHints":{"allow":["GET"]}}],"collection":[{"href":"https:\/\/tecnoris.cl\/index.php\/wp-json\/wp\/v2\/pages"}],"about":[{"href":"https:\/\/tecnoris.cl\/index.php\/wp-json\/wp\/v2\/types\/page"}],"author":[{"embeddable":true,"href":"https:\/\/tecnoris.cl\/index.php\/wp-json\/wp\/v2\/users\/1"}],"replies":[{"embeddable":true,"href":"https:\/\/tecnoris.cl\/index.php\/wp-json\/wp\/v2\/comments?post=45"}],"version-history":[{"count":23,"href":"https:\/\/tecnoris.cl\/index.php\/wp-json\/wp\/v2\/pages\/45\/revisions"}],"predecessor-version":[{"id":361,"href":"https:\/\/tecnoris.cl\/index.php\/wp-json\/wp\/v2\/pages\/45\/revisions\/361"}],"wp:attachment":[{"href":"https:\/\/tecnoris.cl\/index.php\/wp-json\/wp\/v2\/media?parent=45"}],"curies":[{"name":"wp","href":"https:\/\/api.w.org\/{rel}","templated":true}]}}