{"id":31,"date":"2021-12-05T00:22:30","date_gmt":"2021-12-05T00:22:30","guid":{"rendered":"http:\/\/tecnoris.cl\/?page_id=31"},"modified":"2022-03-02T16:54:39","modified_gmt":"2022-03-02T16:54:39","slug":"31-2","status":"publish","type":"page","link":"https:\/\/tecnoris.cl\/index.php\/31-2\/","title":{"rendered":"Quienes Somos"},"content":{"rendered":"<p>[et_pb_section fb_built=&#8221;1&#8243; admin_label=&#8221;About Us&#8221; _builder_version=&#8221;3.22&#8243; use_background_color_gradient=&#8221;on&#8221; background_color_gradient_start=&#8221;#ffffff&#8221; background_color_gradient_end=&#8221;rgba(255,255,255,0.66)&#8221; background_color_gradient_overlays_image=&#8221;on&#8221; background_image=&#8221;http:\/\/tecnoris.cl\/wp-content\/uploads\/2021\/12\/electrician_19.png&#8221; background_size=&#8221;initial&#8221; background_position=&#8221;bottom_center&#8221; custom_padding=&#8221;54px|0px|0|0px|false|false&#8221; global_colors_info=&#8221;{}&#8221;][et_pb_row column_structure=&#8221;1_2,1_2&#8243; _builder_version=&#8221;3.25&#8243; custom_margin=&#8221;|||&#8221; custom_padding=&#8221;|||&#8221; locked=&#8221;off&#8221; global_colors_info=&#8221;{}&#8221;][et_pb_column type=&#8221;1_2&#8243; _builder_version=&#8221;3.25&#8243; custom_padding=&#8221;|||&#8221; global_colors_info=&#8221;{}&#8221; custom_padding__hover=&#8221;|||&#8221;][et_pb_text _builder_version=&#8221;4.14.2&#8243; text_font=&#8221;||||||||&#8221; text_font_size=&#8221;16px&#8221; text_line_height=&#8221;1.8em&#8221; header_font=&#8221;Libre Franklin|600|||||||&#8221; header_font_size=&#8221;60px&#8221; header_line_height=&#8221;1.4em&#8221; max_width=&#8221;600px&#8221; custom_padding=&#8221;0px|||||&#8221; header_font_size_tablet=&#8221;&#8221; header_font_size_phone=&#8221;32px&#8221; header_font_size_last_edited=&#8221;on|phone&#8221; global_colors_info=&#8221;{}&#8221;]<\/p>\n<h2>Quienes somos<\/h2>\n<p>&nbsp;<\/p>\n<p style=\"font-weight: 400;\"><span>Tecnoris \u00a0es una empresa de Servicios TI, con amplia experiencia en Ingenier\u00eda de Procesos, Mantenimiento y Desarrollo de Sistemas, Consultor\u00eda en Gesti\u00f3n Empresarial, e Implementaci\u00f3n de Soluciones a medida.<\/span><\/p>\n<p style=\"font-weight: 400;\"><span>Somos un equipo de profesionales apasionados por la tecnolog\u00eda y los sistemas inform\u00e1ticos, con m\u00e1s de 20 a\u00f1os de experiencia en el rubro.<\/span><\/p>\n<p style=\"font-weight: 400;\"><span>Nuestra misi\u00f3n es brindar soluciones integrales asegurando la calidad y la mejora continuas en todas las etapas del proyecto.<\/span><\/p>\n<p>[\/et_pb_text][\/et_pb_column][et_pb_column type=&#8221;1_2&#8243; _builder_version=&#8221;3.25&#8243; custom_padding=&#8221;|||&#8221; global_colors_info=&#8221;{}&#8221; custom_padding__hover=&#8221;|||&#8221;][et_pb_image src=&#8221;http:\/\/tecnoris.cl\/wp-content\/uploads\/2022\/03\/mesa-de-trabajo-e1646239517679.jpeg&#8221; title_text=&#8221;mesa de trabajo&#8221; force_fullwidth=&#8221;on&#8221; _builder_version=&#8221;4.14.2&#8243; _module_preset=&#8221;default&#8221; min_height=&#8221;292.5px&#8221; height=&#8221;244px&#8221; max_height=&#8221;353px&#8221; custom_margin=&#8221;||-249px|||&#8221; global_colors_info=&#8221;{}&#8221; custom_padding=&#8221;68px||20px|||&#8221;][\/et_pb_image][\/et_pb_column][\/et_pb_row][\/et_pb_section]<\/p>\n","protected":false},"excerpt":{"rendered":"<p>Quienes somos &nbsp; Tecnoris \u00a0es una empresa de Servicios TI, con amplia experiencia en Ingenier\u00eda de Procesos, Mantenimiento y Desarrollo de Sistemas, Consultor\u00eda en Gesti\u00f3n Empresarial, e Implementaci\u00f3n de Soluciones a medida. Somos un equipo de profesionales apasionados por la tecnolog\u00eda y los sistemas inform\u00e1ticos, con m\u00e1s de 20 a\u00f1os de experiencia en el rubro. [&hellip;]<\/p>\n","protected":false},"author":1,"featured_media":0,"parent":0,"menu_order":0,"comment_status":"closed","ping_status":"closed","template":"","meta":{"_et_pb_use_builder":"on","_et_pb_old_content":"","_et_gb_content_width":"","footnotes":""},"class_list":["post-31","page","type-page","status-publish","hentry"],"_links":{"self":[{"href":"https:\/\/tecnoris.cl\/index.php\/wp-json\/wp\/v2\/pages\/31","targetHints":{"allow":["GET"]}}],"collection":[{"href":"https:\/\/tecnoris.cl\/index.php\/wp-json\/wp\/v2\/pages"}],"about":[{"href":"https:\/\/tecnoris.cl\/index.php\/wp-json\/wp\/v2\/types\/page"}],"author":[{"embeddable":true,"href":"https:\/\/tecnoris.cl\/index.php\/wp-json\/wp\/v2\/users\/1"}],"replies":[{"embeddable":true,"href":"https:\/\/tecnoris.cl\/index.php\/wp-json\/wp\/v2\/comments?post=31"}],"version-history":[{"count":15,"href":"https:\/\/tecnoris.cl\/index.php\/wp-json\/wp\/v2\/pages\/31\/revisions"}],"predecessor-version":[{"id":329,"href":"https:\/\/tecnoris.cl\/index.php\/wp-json\/wp\/v2\/pages\/31\/revisions\/329"}],"wp:attachment":[{"href":"https:\/\/tecnoris.cl\/index.php\/wp-json\/wp\/v2\/media?parent=31"}],"curies":[{"name":"wp","href":"https:\/\/api.w.org\/{rel}","templated":true}]}}